{"id":16682,"date":"2013-04-04T18:01:52","date_gmt":"2013-04-04T17:01:52","guid":{"rendered":"https:\/\/hair-and-beauty-studio.ch\/a-propos-de-nous\/newsletter\/"},"modified":"2022-04-12T09:57:55","modified_gmt":"2022-04-12T08:57:55","slug":"newsletter","status":"publish","type":"page","link":"https:\/\/hair-and-beauty-studio.ch\/fr\/a-propos-de-nous\/newsletter\/","title":{"rendered":"Newsletter"},"content":{"rendered":"\t\t<div data-elementor-type=\"wp-page\" data-elementor-id=\"16682\" class=\"elementor elementor-16682 elementor-117\" data-elementor-post-type=\"page\">\n\t\t\t\t\t\t<section class=\"elementor-section elementor-top-section elementor-element elementor-element-4c25921a elementor-section-boxed elementor-section-height-default elementor-section-height-default\" data-id=\"4c25921a\" data-element_type=\"section\" data-e-type=\"section\" data-settings=\"{&quot;ekit_has_onepagescroll_dot&quot;:&quot;yes&quot;}\">\n\t\t\t\t\t\t<div class=\"elementor-container elementor-column-gap-default\">\n\t\t\t\t\t<div class=\"elementor-column elementor-col-100 elementor-top-column elementor-element elementor-element-300a33ec\" data-id=\"300a33ec\" data-element_type=\"column\" data-e-type=\"column\">\n\t\t\t<div class=\"elementor-widget-wrap elementor-element-populated\">\n\t\t\t\t\t\t<div class=\"elementor-element elementor-element-8bc4496 elementor-view-default elementor-widget elementor-widget-icon\" data-id=\"8bc4496\" data-element_type=\"widget\" data-e-type=\"widget\" data-settings=\"{&quot;ekit_we_effect_on&quot;:&quot;none&quot;}\" data-widget_type=\"icon.default\">\n\t\t\t\t\t\t\t<div class=\"elementor-icon-wrapper\">\n\t\t\t<div class=\"elementor-icon\">\n\t\t\t<svg aria-hidden=\"true\" class=\"e-font-icon-svg e-far-envelope\" viewBox=\"0 0 512 512\" xmlns=\"http:\/\/www.w3.org\/2000\/svg\"><path d=\"M464 64H48C21.49 64 0 85.49 0 112v288c0 26.51 21.49 48 48 48h416c26.51 0 48-21.49 48-48V112c0-26.51-21.49-48-48-48zm0 48v40.805c-22.422 18.259-58.168 46.651-134.587 106.49-16.841 13.247-50.201 45.072-73.413 44.701-23.208.375-56.579-31.459-73.413-44.701C106.18 199.465 70.425 171.067 48 152.805V112h416zM48 400V214.398c22.914 18.251 55.409 43.862 104.938 82.646 21.857 17.205 60.134 55.186 103.062 54.955 42.717.231 80.509-37.199 103.053-54.947 49.528-38.783 82.032-64.401 104.947-82.653V400H48z\"><\/path><\/svg>\t\t\t<\/div>\n\t\t<\/div>\n\t\t\t\t\t\t<\/div>\n\t\t\t\t<div class=\"elementor-element elementor-element-516f524c elementor-widget elementor-widget-text-editor\" data-id=\"516f524c\" data-element_type=\"widget\" data-e-type=\"widget\" data-settings=\"{&quot;ekit_we_effect_on&quot;:&quot;none&quot;}\" data-widget_type=\"text-editor.default\">\n\t\t\t\t\t\t\t\t\t<p><span style=\"font-family: book antiqua,palatino;\"><span style=\"font-size: 24;\"><b>Durch die Anmeldung f\u00fcr unseren Newsletter werden Sie regelm\u00e4ssig \u00fcber neue Dienstleistungen und Aktionen informiert.<\/b><\/span><\/span><\/p><p>\u00a0<\/p><p><!DOCTYPE html PUBLIC \"-\/\/W3C\/\/DTD HTML 4.0 Transitional\/\/EN\" \"http:\/\/www.w3.org\/TR\/REC-html40\/loose.dtd\">\n<?xml encoding=\"utf-8\" ?><html><head><script>\n\nfunction loadjQuery(e,t){var n=document.createElement(\"script\");n.setAttribute(\"src\",e);n.onload=t;n.onreadystatechange=function(){if(this.readyState==\"complete\"||this.readyState==\"loaded\")t()};document.getElementsByTagName(\"head\")[0].appendChild(n)}function main(){\n\n\n\n\n\n}\n\nif(typeof jQuery===\"undefined\"){loadjQuery(\"\/\/ajax.googleapis.com\/ajax\/libs\/jquery\/1.4.2\/jquery.min.js\",main)}else{main()}\n\n\n\n<\/script>\n\n\n\n\n\n<style>.cr_header {\n    text-align: center;\n    background: transparent !important;\n}\n\n.cr_body label, .cr_body .label {\n    float: none;\n    clear: both;\n    display: inline-block;\n    width: auto;\n    margin-top: 8px;\n    text-align: left;\n    font-weight: bold;\n    position: relative;\n}\n\n.cr_body .no-label {\n    font-weight: normal;\n}\n\n.cr_body #editable_content {\n    padding: 20px;\n}\n\n.editable-content {\n    padding: 20px\n}\n\n.cr_button {\n    display: inline-block;\n    width: auto;\n    white-space: nowrap;\n    height: 32px;\n    margin: 5px 5px 0 0;\n    padding: 0 22px;\n    text-decoration: none;\n    text-align: center;\n    font-weight: bold;\n    font-style: normal;\n    font-size: 15px;\n    line-height: 32px;\n    cursor: pointer;\n    border: 0;\n    -moz-border-radius: 4px;\n    border-radius: 4px;\n    -webkit-border-radius: 4px;\n    vertical-align: top;\n}\n\n.cr_button:hover, .cr_button-small:hover {\n    opacity: 0.7;\n    filter: alpha(opacity=70);\n}\n\n.powered {\n    padding: 20px 0;\n    width: 560px;\n    margin: 0 auto;\n}\n\n.cr_ipe_item label {\n    line-height: 150%;\n    font-size: 14px;\n}\n\n.cr_ipe_item textarea {\n    background: none repeat scroll 0 0 #ffffff;\n    border-radius: 3px;\n    border: 1px solid #ccc;\n    font-size: 16px;\n}\n\n.cr_ipe_item input {\n    background: none repeat scroll 0 0 #ffffff;\n    border-radius: 3px;\n    border: 1px solid #ccc;\n    font-size: 16px;\n}\n\n.cr_ipe_item input[type='email'],\n.cr_ipe_item input[type='text'] {\n    width: 100%;\n}\n\n.cr_ipe_item select {\n    background: none repeat scroll 0 0 #ffffff;\n    border-radius: 3px;\n    border: 1px solid #ccc;\n    display: block;\n    margin: 0;\n    width: 100%;\n    font-size: 16px;\n}\n\n.cr_ipe_item input.cr_ipe_radio, input.cr_ipe_checkbox {\n    -moz-binding: none;\n    -moz-box-sizing: border-box;\n    background-color: -moz-field !important;\n    border: 2px inset ThreeDFace !important;\n    color: -moz-fieldtext !important;\n    cursor: default;\n    height: 13px;\n    padding: 0 !important;\n    width: 13px;\n}\n\n.cr_ipe_item input.cr_ipe_radio {\n    -moz-appearance: radio;\n    border-radius: 100% 100% 100% 100% !important;\n    margin: 3px 3px 0 5px;\n}\n\n.cr_ipe_item {\n    margin: 0 10px;\n    padding: 0 10px;\n    width: 100%;\n}\n\n.submit_container {\n    text-align: center\n}\n\n.cr_ipe_item.inactive {\n    display: none;\n}\n\n.imprint {\n    font-size: 0.8em;\n}\n\n.cr_captcha {\n    padding-left: 130px;\n}\n\n.cr_error {\n    font-size: 1.1em;\n    padding: 10px;\n}\n\n.clever_form_error {\n    background-color: #f99;\n    color: #000;\n    border: 1px solid #f22 !important\n}\n\n.clever_form_note {\n    margin: 26px 0 0 3px;\n    position: absolute;\n    display: inline;\n    padding: 2px 4px;\n    font-weight: bold;\n    background-color: #f2ecb5;\n    color: #000;\n    font-size: 12px !important;\n}\n\n.cr_form-flex {\n    display: flex;\n}\n\n.cr_form-flex > .cr_form-inputgroup {\n    flex-grow: 1;\n    margin-right: 5px;\n}\n\n.cr_form-flex > .cr_form-inputgroup:last-child {\n    margin-right: 0;\n}\n\n.cr_form-flex input {\n    width: 100%;\n}\n\n.cr_form,\n.cr_form .submit_container {\n    text-align: center !important;\n    margin: 5% 0;\n}\n\n.cr_form a {\n    border: none;\n}\n\n.cr_form .cr_page img {\n    display: inline;\n}\n\n.cr_font .submit_container {\n    margin-top: 3%;\n}\n\n.cr_form .cr_header_text,\n.cr_form .cr_ipe_item.ui-sortable {\n    text-align: left;\n    margin-bottom: 3%;\n}\n\n.cr_form .cr_header_text,\n.cr_form .cr_ipe_item.ui-sortable iframe {\n    height: 30px;\n}\n\n.cr_form .cr_header_text,\n.cr_form .cr_ipe_item.ui-sortable.musthave iframe {\n    height: auto;\n}\n\n.cr_form input[type='text'] {\n    width: 10% !important;\n    display: inline;\n}\n\n.cr_form .cr_ipe_item[rel='recaptcha'] {\n    margin-top: 3%;\n}\n\n.cr_form .cr_ipe_item[rel='recaptcha'] br {\n    display: none;\n}\n\n.cr_form .cr_ipe_item[rel='email'] input[type='text'],\n.cr_form .cr_ipe_item[rel='text'] input[type='text'],\n.cr_form textarea,\n.cr_form select {\n    width: 100% !important;\n}\n\n.cr_form .cr_ipe_item[rel='radio'] input[type='radio'] {\n    height: auto;\n}\n\n.cr_form a:not(.btn) {\n    border: none;\n}\n\n@media (max-width: 480px) {\n    #recaptcha_v2_widget > div:nth-child(1) {\n        width: max-content !important;\n    }\n}<\/style>\n\n\n\n\n\n\n\n\n\n<\/head><body><form class=\"layout_form cr_form cr_font\" action=\"https:\/\/eu.cleverreach.com\/f\/19171-141740\/wcs\/\" method=\"post\" target=\"_blank\">\n\n\t<div class=\"cr_body cr_page cr_font formbox\">\n\n\t\t<div class=\"non_sortable\">\n\n\t\t\t\n\n\t\t<\/div>\n\n\t\t\n\n\t\t<div class=\"editable_content\">\n\n\t\t<div id=\"3202681\" rel=\"email\" class=\"cr_ipe_item ui-sortable musthave\">\n<label for=\"text3202681\" class=\"itemname\">E-Mail*<\/label> <input id=\"text3202681\" name=\"email\" value=\"\" type=\"text\" style=\"\">\n<\/div><div id=\"3202682\" rel=\"button\" class=\"cr_ipe_item ui-sortable submit_container\">\n\n<button type=\"submit\" class=\"cr_button components-button is-button is-primary\">Anmelden<\/button>\n\n<\/div>\n\n        <\/div>\n\n        \n\n\t\n\n    <\/div>\n\n\n\n    \n\n<\/form><\/body><\/html>\n<\/p>\t\t\t\t\t\t\t\t<\/div>\n\t\t\t\t\t<\/div>\n\t\t<\/div>\n\t\t\t\t\t<\/div>\n\t\t<\/section>\n\t\t\t\t<\/div>\n\t\t","protected":false},"excerpt":{"rendered":"<p>Durch die Anmeldung f\u00fcr unseren Newsletter werden Sie regelm\u00e4ssig \u00fcber neue Dienstleistungen und Aktionen informiert. \u00a0<\/p>\n","protected":false},"author":1,"featured_media":0,"parent":16661,"menu_order":0,"comment_status":"closed","ping_status":"open","template":"","meta":{"_seopress_robots_primary_cat":"","_seopress_titles_title":"","_seopress_titles_desc":"","_seopress_robots_index":"","_seopress_analysis_target_kw":"","_lmt_disableupdate":"","_lmt_disable":"","site-sidebar-layout":"default","site-content-layout":"page-builder","ast-site-content-layout":"default","site-content-style":"default","site-sidebar-style":"default","ast-global-header-display":"","ast-banner-title-visibility":"","ast-main-header-display":"","ast-hfb-above-header-display":"","ast-hfb-below-header-display":"","ast-hfb-mobile-header-display":"","site-post-title":"disabled","ast-breadcrumbs-content":"","ast-featured-img":"","footer-sml-layout":"","ast-disable-related-posts":"","theme-transparent-header-meta":"default","adv-header-id-meta":"","stick-header-meta":"","header-above-stick-meta":"","header-main-stick-meta":"","header-below-stick-meta":"","astra-migrate-meta-layouts":"default","ast-page-background-enabled":"default","ast-page-background-meta":{"desktop":{"background-color":"","background-image":"","background-repeat":"repeat","background-position":"center center","background-size":"auto","background-attachment":"scroll","background-type":"","background-media":"","overlay-type":"","overlay-color":"","overlay-opacity":"","overlay-gradient":""},"tablet":{"background-color":"","background-image":"","background-repeat":"repeat","background-position":"center center","background-size":"auto","background-attachment":"scroll","background-type":"","background-media":"","overlay-type":"","overlay-color":"","overlay-opacity":"","overlay-gradient":""},"mobile":{"background-color":"","background-image":"","background-repeat":"repeat","background-position":"center center","background-size":"auto","background-attachment":"scroll","background-type":"","background-media":"","overlay-type":"","overlay-color":"","overlay-opacity":"","overlay-gradient":""}},"ast-content-background-meta":{"desktop":{"background-color":"var(--ast-global-color-5)","background-image":"","background-repeat":"repeat","background-position":"center center","background-size":"auto","background-attachment":"scroll","background-type":"","background-media":"","overlay-type":"","overlay-color":"","overlay-opacity":"","overlay-gradient":""},"tablet":{"background-color":"var(--ast-global-color-5)","background-image":"","background-repeat":"repeat","background-position":"center center","background-size":"auto","background-attachment":"scroll","background-type":"","background-media":"","overlay-type":"","overlay-color":"","overlay-opacity":"","overlay-gradient":""},"mobile":{"background-color":"var(--ast-global-color-5)","background-image":"","background-repeat":"repeat","background-position":"center center","background-size":"auto","background-attachment":"scroll","background-type":"","background-media":"","overlay-type":"","overlay-color":"","overlay-opacity":"","overlay-gradient":""}},"footnotes":""},"class_list":["post-16682","page","type-page","status-publish","hentry"],"_links":{"self":[{"href":"https:\/\/hair-and-beauty-studio.ch\/fr\/wp-json\/wp\/v2\/pages\/16682","targetHints":{"allow":["GET"]}}],"collection":[{"href":"https:\/\/hair-and-beauty-studio.ch\/fr\/wp-json\/wp\/v2\/pages"}],"about":[{"href":"https:\/\/hair-and-beauty-studio.ch\/fr\/wp-json\/wp\/v2\/types\/page"}],"author":[{"embeddable":true,"href":"https:\/\/hair-and-beauty-studio.ch\/fr\/wp-json\/wp\/v2\/users\/1"}],"replies":[{"embeddable":true,"href":"https:\/\/hair-and-beauty-studio.ch\/fr\/wp-json\/wp\/v2\/comments?post=16682"}],"version-history":[{"count":0,"href":"https:\/\/hair-and-beauty-studio.ch\/fr\/wp-json\/wp\/v2\/pages\/16682\/revisions"}],"up":[{"embeddable":true,"href":"https:\/\/hair-and-beauty-studio.ch\/fr\/wp-json\/wp\/v2\/pages\/16661"}],"wp:attachment":[{"href":"https:\/\/hair-and-beauty-studio.ch\/fr\/wp-json\/wp\/v2\/media?parent=16682"}],"curies":[{"name":"wp","href":"https:\/\/api.w.org\/{rel}","templated":true}]}}