{"id":16647,"date":"2013-04-04T13:22:50","date_gmt":"2013-04-04T12:22:50","guid":{"rendered":"https:\/\/hair-and-beauty-studio.ch\/anreise\/"},"modified":"2022-04-12T09:57:55","modified_gmt":"2022-04-12T08:57:55","slug":"localisation","status":"publish","type":"page","link":"https:\/\/hair-and-beauty-studio.ch\/fr\/a-propos-de-nous\/localisation\/","title":{"rendered":"Localisation"},"content":{"rendered":"\t\t<div data-elementor-type=\"wp-page\" data-elementor-id=\"16647\" class=\"elementor elementor-16647 elementor-44\" data-elementor-post-type=\"page\">\n\t\t\t\t\t\t<section class=\"elementor-section elementor-top-section elementor-element elementor-element-5216bd5f elementor-section-boxed elementor-section-height-default elementor-section-height-default\" data-id=\"5216bd5f\" data-element_type=\"section\" data-e-type=\"section\" data-settings=\"{&quot;ekit_has_onepagescroll_dot&quot;:&quot;yes&quot;}\">\n\t\t\t\t\t\t<div class=\"elementor-container elementor-column-gap-default\">\n\t\t\t\t\t<div class=\"elementor-column elementor-col-100 elementor-top-column elementor-element elementor-element-15ad3703\" data-id=\"15ad3703\" data-element_type=\"column\" data-e-type=\"column\">\n\t\t\t<div class=\"elementor-widget-wrap elementor-element-populated\">\n\t\t\t\t\t\t<div class=\"elementor-element elementor-element-196c3215 elementor-widget elementor-widget-text-editor\" data-id=\"196c3215\" data-element_type=\"widget\" data-e-type=\"widget\" data-settings=\"{&quot;ekit_we_effect_on&quot;:&quot;none&quot;}\" data-widget_type=\"text-editor.default\">\n\t\t\t\t\t\t\t\t\t<h2>Anreise mit \u00d6V bis Schwamendingerplatz:<\/h2><p><b>Von Z\u00fcrich HB<\/b>, Haltstelle an der Bahnhofstrasse: Mit <b><i>Tram Nr. 7 <\/i><\/b>in Richtung Bahnhof Stettbach bis Haltestelle \u201cSchwamendingerplatz\u201d fahren. Alternative Route ab Z\u00fcrich HB mit einmal umsteigen: Mit <b><i>Tram Nr. 14<\/i><\/b> in Richtung Seebach bis Haltestelle \u201cMilchbuck\u201d fahren und auf Tram Nr. 7 oder 9 umsteigen und bis Haltestelle \u201cSchwamendingerplatz\u201d weiterfahren.<\/p><p><b>Von Z\u00fcrich Oerlikon<\/b>: Mit <b><i>Bus Nr. 63<\/i><\/b> in Richtung Schwamendingen bis Haltestelle \u201cSchwamendingerplatz\u201d fahren.<\/p><p><b>Vom Bahnhof Stettbach<\/b>: Mit <b><i>Tram Nr. 7 <\/i><\/b>in Richtung Wollishofen bis Haltestelle \u201cSchwamendingerplatz\u201d fahren. Verschiedene S-Bahn Linien f\u00fchren vom Bahnhof Stettbach ins Z\u00fcrcher Stadtzentrum, nach Winterthur sowie in weitere Teile des Kantons Z\u00fcrich. Im Weiteren verbindet die Glattalbahn mit der Linie 12 den Bahnhof Stettbach \u00fcber D\u00fcbendorf, Wallisellen und Opfikon mit dem Flughafen Z\u00fcrich.<\/p><p><b><i>Weitere Verbindungen zum Schwamendingerplatz:<\/i><\/b><\/p><p>&#8211; Tram Nr. 9 von Hirzenbach in Richtung Triemlispital<\/p><p>&#8211; Bus Nr. 61 und 63 von Affoltern und Sternen Oerlikon in Richtung Schwamendingen<\/p><p>&#8211; Bus Nr. 79 von Auzelg in Richtung Schwamendingen<\/p><h3>Weiter zu Fuss vom Schwamendingerplatz:<\/h3><p>Swiss Beauty Academy ist vom Schwamendingerplatz zu Fuss in 2-3 Minuten erreichbar:<br \/>Bei der Post am Schwamendingerplatz die Winterthurerstrasse beim Lichtsignal via dem Fussg\u00e4ngerstreifen \u00fcberqueren, beim Migros vorbeilaufen und nach dem Restaurant Blume den kurzen Fussweg an die D\u00fcbendorfstrasse nehmen. Der Eingang zu unserem Hair &amp; Beauty Studio befindet sich wenige Meter vor dem Kaffee Sahara.<\/p><h2>Anreise mit dem Auto:<\/h2><p>Schwamendingen ist via der Autobahn A1, Ausfahrt Nr. 3 \u201cZ\u00fcrich Schwamendingen\u201d ans Autobahnnetz der Schweiz angeschlossen. Unser Hair &amp; Beauty Studio befindet sich nur wenige Meter nach dem Schwamendingerplatz am Anfang der D\u00fcbendorfstrasse in Richtung D\u00fcbendorf bzw. Bahnhof Stettbach. Parkm\u00f6glichkeiten gibt es an der D\u00fcbendorfstrasse nach dem Kaffee Sahra oder an der Stettbachstrasse, welche parallel zur D\u00fcbendorfstrasse verl\u00e4uft.<\/p><h2>Hair &amp; Beauty Studio virtuell besuchen:<\/h2><p><iframe style=\"border: 0;\" src=\"https:\/\/www.google.com\/maps\/embed?pb=!1m0!3m2!1sde!2sch!4v1419552323607!6m8!1m7!1sgMaCHdDpvCEAAAQZFAPQ-g!2m2!1d47.4040684049958!2d8.573984850011698!3f245.79!4f-2.480000000000004!5f0.7820865974627469\" width=\"1097\" height=\"787\" frameborder=\"0\"><\/iframe><\/p><p>Uebrigens, unser Eingangsbereich und die Hausfassade sieht seit der Renovation im Sommer 2016 viel sch\u00f6ner aus.<\/p>\t\t\t\t\t\t\t\t<\/div>\n\t\t\t\t\t<\/div>\n\t\t<\/div>\n\t\t\t\t\t<\/div>\n\t\t<\/section>\n\t\t\t\t<section class=\"elementor-section elementor-top-section elementor-element elementor-element-514c358 elementor-section-boxed elementor-section-height-default elementor-section-height-default\" data-id=\"514c358\" data-element_type=\"section\" data-e-type=\"section\" data-settings=\"{&quot;ekit_has_onepagescroll_dot&quot;:&quot;yes&quot;}\">\n\t\t\t\t\t\t<div class=\"elementor-container elementor-column-gap-default\">\n\t\t\t\t\t<div class=\"elementor-column elementor-col-100 elementor-top-column elementor-element elementor-element-9a1117b\" data-id=\"9a1117b\" data-element_type=\"column\" data-e-type=\"column\">\n\t\t\t<div class=\"elementor-widget-wrap elementor-element-populated\">\n\t\t\t\t\t\t<div class=\"elementor-element elementor-element-edaef00 elementor-widget elementor-widget-heading\" data-id=\"edaef00\" data-element_type=\"widget\" data-e-type=\"widget\" data-settings=\"{&quot;ekit_we_effect_on&quot;:&quot;none&quot;}\" data-widget_type=\"heading.default\">\n\t\t\t\t\t<h2 class=\"elementor-heading-title elementor-size-default\">Standort von Hair and Beauty Studio in Z\u00fcrich Schwamendingen:<\/h2>\t\t\t\t<\/div>\n\t\t\t\t\t<\/div>\n\t\t<\/div>\n\t\t\t\t\t<\/div>\n\t\t<\/section>\n\t\t\t\t<section class=\"elementor-section elementor-top-section elementor-element elementor-element-355b690 elementor-section-full_width elementor-section-height-default elementor-section-height-default\" data-id=\"355b690\" data-element_type=\"section\" data-e-type=\"section\" data-settings=\"{&quot;ekit_has_onepagescroll_dot&quot;:&quot;yes&quot;}\">\n\t\t\t\t\t\t<div class=\"elementor-container elementor-column-gap-no\">\n\t\t\t\t\t<div class=\"elementor-column elementor-col-100 elementor-top-column elementor-element elementor-element-d4c2e15\" data-id=\"d4c2e15\" data-element_type=\"column\" data-e-type=\"column\">\n\t\t\t<div class=\"elementor-widget-wrap elementor-element-populated\">\n\t\t\t\t\t\t<div class=\"elementor-element elementor-element-daedcc7 elementor-widget elementor-widget-google_maps\" data-id=\"daedcc7\" data-element_type=\"widget\" data-e-type=\"widget\" data-settings=\"{&quot;ekit_we_effect_on&quot;:&quot;none&quot;}\" data-widget_type=\"google_maps.default\">\n\t\t\t\t\t\t\t<div class=\"elementor-custom-embed\">\n\t\t\t<iframe loading=\"lazy\"\n\t\t\t\t\tsrc=\"https:\/\/maps.google.com\/maps?q=D%C3%BCbendorfstrasse%202%2C%208051%20Z%C3%BCrich&#038;t=m&#038;z=12&#038;output=embed&#038;iwloc=near\"\n\t\t\t\t\ttitle=\"D\u00fcbendorfstrasse 2, 8051 Z\u00fcrich\"\n\t\t\t\t\taria-label=\"D\u00fcbendorfstrasse 2, 8051 Z\u00fcrich\"\n\t\t\t><\/iframe>\n\t\t<\/div>\n\t\t\t\t\t\t<\/div>\n\t\t\t\t\t<\/div>\n\t\t<\/div>\n\t\t\t\t\t<\/div>\n\t\t<\/section>\n\t\t\t\t<section class=\"elementor-section elementor-top-section elementor-element elementor-element-db06a0e elementor-section-boxed elementor-section-height-default elementor-section-height-default\" data-id=\"db06a0e\" data-element_type=\"section\" data-e-type=\"section\" data-settings=\"{&quot;ekit_has_onepagescroll_dot&quot;:&quot;yes&quot;}\">\n\t\t\t\t\t\t<div class=\"elementor-container elementor-column-gap-extended\">\n\t\t\t\t\t<div class=\"elementor-column elementor-col-100 elementor-top-column elementor-element elementor-element-8b6c754\" data-id=\"8b6c754\" data-element_type=\"column\" data-e-type=\"column\">\n\t\t\t<div class=\"elementor-widget-wrap elementor-element-populated\">\n\t\t\t\t\t\t<section class=\"elementor-section elementor-inner-section elementor-element elementor-element-f167a2c elementor-section-content-middle elementor-section-boxed elementor-section-height-default elementor-section-height-default\" data-id=\"f167a2c\" data-element_type=\"section\" data-e-type=\"section\" data-settings=\"{&quot;ekit_has_onepagescroll_dot&quot;:&quot;yes&quot;}\">\n\t\t\t\t\t\t<div class=\"elementor-container elementor-column-gap-default\">\n\t\t\t\t\t<div class=\"elementor-column elementor-col-50 elementor-inner-column elementor-element elementor-element-8f2ce4a\" data-id=\"8f2ce4a\" data-element_type=\"column\" data-e-type=\"column\" data-settings=\"{&quot;background_background&quot;:&quot;classic&quot;}\">\n\t\t\t<div class=\"elementor-widget-wrap elementor-element-populated\">\n\t\t\t\t\t<div class=\"elementor-background-overlay\"><\/div>\n\t\t\t\t\t\t<div class=\"elementor-element elementor-element-d4de45b elementor-view-default elementor-widget elementor-widget-icon\" data-id=\"d4de45b\" data-element_type=\"widget\" data-e-type=\"widget\" data-settings=\"{&quot;ekit_we_effect_on&quot;:&quot;none&quot;}\" data-widget_type=\"icon.default\">\n\t\t\t\t\t\t\t<div class=\"elementor-icon-wrapper\">\n\t\t\t<div class=\"elementor-icon\">\n\t\t\t<svg aria-hidden=\"true\" class=\"e-font-icon-svg e-fas-map-marker-alt\" viewBox=\"0 0 384 512\" xmlns=\"http:\/\/www.w3.org\/2000\/svg\"><path d=\"M172.268 501.67C26.97 291.031 0 269.413 0 192 0 85.961 85.961 0 192 0s192 85.961 192 192c0 77.413-26.97 99.031-172.268 309.67-9.535 13.774-29.93 13.773-39.464 0zM192 272c44.183 0 80-35.817 80-80s-35.817-80-80-80-80 35.817-80 80 35.817 80 80 80z\"><\/path><\/svg>\t\t\t<\/div>\n\t\t<\/div>\n\t\t\t\t\t\t<\/div>\n\t\t\t\t\t<\/div>\n\t\t<\/div>\n\t\t\t\t<div class=\"elementor-column elementor-col-50 elementor-inner-column elementor-element elementor-element-8c0d597\" data-id=\"8c0d597\" data-element_type=\"column\" data-e-type=\"column\" data-settings=\"{&quot;background_background&quot;:&quot;classic&quot;}\">\n\t\t\t<div class=\"elementor-widget-wrap elementor-element-populated\">\n\t\t\t\t\t\t<div class=\"elementor-element elementor-element-7a11128 elementor-widget elementor-widget-heading\" data-id=\"7a11128\" data-element_type=\"widget\" data-e-type=\"widget\" data-settings=\"{&quot;ekit_we_effect_on&quot;:&quot;none&quot;}\" data-widget_type=\"heading.default\">\n\t\t\t\t\t<h4 class=\"elementor-heading-title elementor-size-default\">Hair &amp; Beauty Studio Z\u00fcrich<\/h4>\t\t\t\t<\/div>\n\t\t\t\t<div class=\"elementor-element elementor-element-e139aac elementor-widget elementor-widget-text-editor\" data-id=\"e139aac\" data-element_type=\"widget\" data-e-type=\"widget\" data-settings=\"{&quot;ekit_we_effect_on&quot;:&quot;none&quot;}\" data-widget_type=\"text-editor.default\">\n\t\t\t\t\t\t\t\t\t<p>D\u00fcbendorfstrasse, 2<br \/>8051 Z\u00fcrich<\/p>\t\t\t\t\t\t\t\t<\/div>\n\t\t\t\t<div class=\"elementor-element elementor-element-4e2925a elementor-widget-divider--view-line elementor-widget elementor-widget-divider\" data-id=\"4e2925a\" data-element_type=\"widget\" data-e-type=\"widget\" data-settings=\"{&quot;ekit_we_effect_on&quot;:&quot;none&quot;}\" data-widget_type=\"divider.default\">\n\t\t\t\t\t\t\t<div class=\"elementor-divider\">\n\t\t\t<span class=\"elementor-divider-separator\">\n\t\t\t\t\t\t<\/span>\n\t\t<\/div>\n\t\t\t\t\t\t<\/div>\n\t\t\t\t<div class=\"elementor-element elementor-element-44b885d elementor-widget elementor-widget-heading\" data-id=\"44b885d\" data-element_type=\"widget\" data-e-type=\"widget\" data-settings=\"{&quot;ekit_we_effect_on&quot;:&quot;none&quot;}\" data-widget_type=\"heading.default\">\n\t\t\t\t\t<div class=\"elementor-heading-title elementor-size-default\"><a href=\"#\">Get Directions &gt;<\/a><\/div>\t\t\t\t<\/div>\n\t\t\t\t\t<\/div>\n\t\t<\/div>\n\t\t\t\t\t<\/div>\n\t\t<\/section>\n\t\t\t\t\t<\/div>\n\t\t<\/div>\n\t\t\t\t\t<\/div>\n\t\t<\/section>\n\t\t\t\t<\/div>\n\t\t","protected":false},"excerpt":{"rendered":"<p>Anreise mit \u00d6V bis Schwamendingerplatz: Von Z\u00fcrich HB, Haltstelle an der Bahnhofstrasse: Mit Tram Nr. 7 in Richtung Bahnhof Stettbach bis Haltestelle \u201cSchwamendingerplatz\u201d fahren. Alternative Route ab Z\u00fcrich HB mit einmal umsteigen: Mit Tram Nr. 14 in Richtung Seebach bis Haltestelle \u201cMilchbuck\u201d fahren und auf Tram Nr. 7 oder 9 umsteigen und bis Haltestelle \u201cSchwamendingerplatz\u201d [&hellip;]<\/p>\n","protected":false},"author":1,"featured_media":0,"parent":16661,"menu_order":0,"comment_status":"closed","ping_status":"open","template":"","meta":{"_seopress_robots_primary_cat":"","_seopress_titles_title":"","_seopress_titles_desc":"","_seopress_robots_index":"","_lmt_disableupdate":"","_lmt_disable":"","site-sidebar-layout":"default","site-content-layout":"page-builder","ast-site-content-layout":"default","site-content-style":"default","site-sidebar-style":"default","ast-global-header-display":"","ast-banner-title-visibility":"","ast-main-header-display":"","ast-hfb-above-header-display":"","ast-hfb-below-header-display":"","ast-hfb-mobile-header-display":"","site-post-title":"disabled","ast-breadcrumbs-content":"","ast-featured-img":"","footer-sml-layout":"","ast-disable-related-posts":"","theme-transparent-header-meta":"default","adv-header-id-meta":"","stick-header-meta":"","header-above-stick-meta":"","header-main-stick-meta":"","header-below-stick-meta":"","astra-migrate-meta-layouts":"default","ast-page-background-enabled":"default","ast-page-background-meta":{"desktop":{"background-color":"","background-image":"","background-repeat":"repeat","background-position":"center center","background-size":"auto","background-attachment":"scroll","background-type":"","background-media":"","overlay-type":"","overlay-color":"","overlay-opacity":"","overlay-gradient":""},"tablet":{"background-color":"","background-image":"","background-repeat":"repeat","background-position":"center center","background-size":"auto","background-attachment":"scroll","background-type":"","background-media":"","overlay-type":"","overlay-color":"","overlay-opacity":"","overlay-gradient":""},"mobile":{"background-color":"","background-image":"","background-repeat":"repeat","background-position":"center center","background-size":"auto","background-attachment":"scroll","background-type":"","background-media":"","overlay-type":"","overlay-color":"","overlay-opacity":"","overlay-gradient":""}},"ast-content-background-meta":{"desktop":{"background-color":"var(--ast-global-color-5)","background-image":"","background-repeat":"repeat","background-position":"center center","background-size":"auto","background-attachment":"scroll","background-type":"","background-media":"","overlay-type":"","overlay-color":"","overlay-opacity":"","overlay-gradient":""},"tablet":{"background-color":"var(--ast-global-color-5)","background-image":"","background-repeat":"repeat","background-position":"center center","background-size":"auto","background-attachment":"scroll","background-type":"","background-media":"","overlay-type":"","overlay-color":"","overlay-opacity":"","overlay-gradient":""},"mobile":{"background-color":"var(--ast-global-color-5)","background-image":"","background-repeat":"repeat","background-position":"center center","background-size":"auto","background-attachment":"scroll","background-type":"","background-media":"","overlay-type":"","overlay-color":"","overlay-opacity":"","overlay-gradient":""}},"footnotes":""},"class_list":["post-16647","page","type-page","status-publish","hentry"],"_links":{"self":[{"href":"https:\/\/hair-and-beauty-studio.ch\/fr\/wp-json\/wp\/v2\/pages\/16647","targetHints":{"allow":["GET"]}}],"collection":[{"href":"https:\/\/hair-and-beauty-studio.ch\/fr\/wp-json\/wp\/v2\/pages"}],"about":[{"href":"https:\/\/hair-and-beauty-studio.ch\/fr\/wp-json\/wp\/v2\/types\/page"}],"author":[{"embeddable":true,"href":"https:\/\/hair-and-beauty-studio.ch\/fr\/wp-json\/wp\/v2\/users\/1"}],"replies":[{"embeddable":true,"href":"https:\/\/hair-and-beauty-studio.ch\/fr\/wp-json\/wp\/v2\/comments?post=16647"}],"version-history":[{"count":0,"href":"https:\/\/hair-and-beauty-studio.ch\/fr\/wp-json\/wp\/v2\/pages\/16647\/revisions"}],"up":[{"embeddable":true,"href":"https:\/\/hair-and-beauty-studio.ch\/fr\/wp-json\/wp\/v2\/pages\/16661"}],"wp:attachment":[{"href":"https:\/\/hair-and-beauty-studio.ch\/fr\/wp-json\/wp\/v2\/media?parent=16647"}],"curies":[{"name":"wp","href":"https:\/\/api.w.org\/{rel}","templated":true}]}}