{"id":16615,"date":"2018-04-10T17:04:09","date_gmt":"2018-04-10T16:04:09","guid":{"rendered":"https:\/\/hair-and-beauty-studio.ch\/salon-de-massage-lausanne\/shiatsu-lymphdrainage-massage\/"},"modified":"2024-12-12T16:58:24","modified_gmt":"2024-12-12T15:58:24","slug":"shiatsu-lausanne","status":"publish","type":"page","link":"https:\/\/hair-and-beauty-studio.ch\/fr\/institut-de-beaute\/shiatsu-lausanne\/","title":{"rendered":"Shiatsu &#8211; Massage de drainage lymphatique"},"content":{"rendered":"\t\t<div data-elementor-type=\"wp-page\" data-elementor-id=\"16615\" class=\"elementor elementor-16615 elementor-3337\" data-elementor-post-type=\"page\">\n\t\t\t\t\t\t<section class=\"elementor-section elementor-top-section elementor-element elementor-element-4bb7c729 elementor-section-height-min-height elementor-section-boxed elementor-section-height-default elementor-section-items-middle\" data-id=\"4bb7c729\" data-element_type=\"section\" data-e-type=\"section\" data-settings=\"{&quot;background_background&quot;:&quot;classic&quot;,&quot;ekit_has_onepagescroll_dot&quot;:&quot;yes&quot;}\">\n\t\t\t\t\t\t\t<div class=\"elementor-background-overlay\"><\/div>\n\t\t\t\t\t\t\t<div class=\"elementor-container elementor-column-gap-no\">\n\t\t\t\t\t<div class=\"elementor-column elementor-col-100 elementor-top-column elementor-element elementor-element-4f1610fe\" data-id=\"4f1610fe\" data-element_type=\"column\" data-e-type=\"column\">\n\t\t\t<div class=\"elementor-widget-wrap elementor-element-populated\">\n\t\t\t\t\t\t<div class=\"elementor-element elementor-element-250a6d79 elementor-widget elementor-widget-heading\" data-id=\"250a6d79\" data-element_type=\"widget\" data-e-type=\"widget\" data-settings=\"{&quot;ekit_we_effect_on&quot;:&quot;none&quot;}\" data-widget_type=\"heading.default\">\n\t\t\t\t\t<h1 class=\"elementor-heading-title elementor-size-default\">Drainage lymphatique - Massage shiatsu<\/h1>\t\t\t\t<\/div>\n\t\t\t\t<section class=\"elementor-section elementor-inner-section elementor-element elementor-element-6b70305 elementor-section-boxed elementor-section-height-default elementor-section-height-default\" data-id=\"6b70305\" data-element_type=\"section\" data-e-type=\"section\" data-settings=\"{&quot;ekit_has_onepagescroll_dot&quot;:&quot;yes&quot;}\">\n\t\t\t\t\t\t<div class=\"elementor-container elementor-column-gap-default\">\n\t\t\t\t\t<div class=\"elementor-column elementor-col-100 elementor-inner-column elementor-element elementor-element-16ac98e\" data-id=\"16ac98e\" data-element_type=\"column\" data-e-type=\"column\">\n\t\t\t<div class=\"elementor-widget-wrap elementor-element-populated\">\n\t\t\t\t\t\t<div class=\"elementor-element elementor-element-04413f9 elementor-align-center elementor-mobile-align-justify elementor-widget elementor-widget-button\" data-id=\"04413f9\" data-element_type=\"widget\" data-e-type=\"widget\" data-settings=\"{&quot;ekit_we_effect_on&quot;:&quot;none&quot;}\" data-widget_type=\"button.default\">\n\t\t\t\t\t\t\t\t\t\t<a class=\"elementor-button elementor-button-link elementor-size-sm\" href=\"https:\/\/swiss-beauty-and-hair-academy.ch\/fr\/a-propos-de-nous\/contactez\/\">\n\t\t\t\t\t\t<span class=\"elementor-button-content-wrapper\">\n\t\t\t\t\t\t\t\t\t<span class=\"elementor-button-text\">Formulaire de contact<\/span>\n\t\t\t\t\t<\/span>\n\t\t\t\t\t<\/a>\n\t\t\t\t\t\t\t\t<\/div>\n\t\t\t\t\t<\/div>\n\t\t<\/div>\n\t\t\t\t\t<\/div>\n\t\t<\/section>\n\t\t\t\t\t<\/div>\n\t\t<\/div>\n\t\t\t\t\t<\/div>\n\t\t<\/section>\n\t\t\t\t<section class=\"elementor-section elementor-top-section elementor-element elementor-element-6541c3c3 elementor-section-boxed elementor-section-height-default elementor-section-height-default\" data-id=\"6541c3c3\" data-element_type=\"section\" data-e-type=\"section\" data-settings=\"{&quot;ekit_has_onepagescroll_dot&quot;:&quot;yes&quot;}\">\n\t\t\t\t\t\t<div class=\"elementor-container elementor-column-gap-default\">\n\t\t\t\t\t<div class=\"elementor-column elementor-col-100 elementor-top-column elementor-element elementor-element-59714bf6\" data-id=\"59714bf6\" data-element_type=\"column\" data-e-type=\"column\">\n\t\t\t<div class=\"elementor-widget-wrap elementor-element-populated\">\n\t\t\t\t\t\t<div class=\"elementor-element elementor-element-69c675cb elementor-widget elementor-widget-uael-infobox\" data-id=\"69c675cb\" data-element_type=\"widget\" data-e-type=\"widget\" data-settings=\"{&quot;ekit_we_effect_on&quot;:&quot;none&quot;}\" data-widget_type=\"uael-infobox.default\">\n\t\t\t\t<div class=\"elementor-widget-container\">\n\t\t\t\t\t\n<div class=\"uael-module-content uael-infobox  uael-infobox-link-type-none\">\n\t<div class=\"uael-infobox-left-right-wrap\">\n\t\t\t\t\t\t<div class=\"uael-infobox-content\">\n\t\t\t\t\t\t<div class='uael-infobox-title-wrap'><h2 class=\"uael-infobox-title elementor-inline-editing\" data-elementor-setting-key=\"infobox_title\" data-elementor-inline-editing-toolbar=\"basic\" >Shiatsu Lausanne: drainage lymphatique - massage shiatsu<\/h2><\/div>\t\t\t\t\t\t\t\t\t<div class=\"uael-infobox-text-wrap\">\n\t\t\t\t<div class=\"uael-infobox-text elementor-inline-editing\" data-elementor-setting-key=\"infobox_description\" data-elementor-inline-editing-toolbar=\"advanced\">\n\t\t\t\t\t<p>Shiatsu Lausanne- Le tumulte de la vie quotidienne ne laisse pas notre corps indiff\u00e9rent. Souvent, le stress permanent se venge par des tensions douloureuses et des gonflements chroniques. La r\u00e9gion des \u00e9paules, du cou et de la nuque est particuli\u00e8rement expos\u00e9e. Vous aussi, vous vous sentez tendu ? Laissez-nous vous aider \u00e0 vous d\u00e9tendre avec la force de nos mains ! Les massages apaisants de notre institut de beaut\u00e9 suisse renomm\u00e9 soulagent m\u00eame les crampes et les gonflements les plus tenaces. Notre tuyau secret pour vous : le massage de drainage lymphatique et le massage shiatsu. Ces formes de th\u00e9rapie manuelle innovantes lib\u00e8rent en vous des flux d'\u00e9nergie insoup\u00e7onn\u00e9s.       <\/p>\t\t\t\t<\/div>\n\t\t\t\t\t\n\t\t\t\t\t\t\t<\/div>\n\t\t<\/div>\n\t\t\t<\/div>\n<\/div>\n\t\t\t\t<\/div>\n\t\t\t\t<\/div>\n\t\t\t\t\t<\/div>\n\t\t<\/div>\n\t\t\t\t\t<\/div>\n\t\t<\/section>\n\t\t\t\t<section class=\"elementor-section elementor-top-section elementor-element elementor-element-471ff7bb elementor-section-stretched elementor-section-full_width elementor-section-content-middle elementor-section-height-default elementor-section-height-default\" data-id=\"471ff7bb\" data-element_type=\"section\" data-e-type=\"section\" data-settings=\"{&quot;stretch_section&quot;:&quot;section-stretched&quot;,&quot;background_background&quot;:&quot;classic&quot;,&quot;ekit_has_onepagescroll_dot&quot;:&quot;yes&quot;}\">\n\t\t\t\t\t\t<div class=\"elementor-container elementor-column-gap-default\">\n\t\t\t\t\t<div class=\"elementor-column elementor-col-50 elementor-top-column elementor-element elementor-element-7076f70e\" data-id=\"7076f70e\" data-element_type=\"column\" data-e-type=\"column\" data-settings=\"{&quot;background_background&quot;:&quot;classic&quot;}\">\n\t\t\t<div class=\"elementor-widget-wrap elementor-element-populated\">\n\t\t\t\t\t\t<div class=\"elementor-element elementor-element-20a2c12 elementor-widget elementor-widget-image\" data-id=\"20a2c12\" data-element_type=\"widget\" data-e-type=\"widget\" data-settings=\"{&quot;ekit_we_effect_on&quot;:&quot;none&quot;}\" data-widget_type=\"image.default\">\n\t\t\t\t\t\t\t\t\t\t\t\t\t\t\t<img fetchpriority=\"high\" decoding=\"async\" width=\"400\" height=\"450\" src=\"https:\/\/hair-and-beauty-studio.ch\/wp-content\/uploads\/2019\/09\/Specialized-Massage.jpg\" class=\"attachment-large size-large wp-image-16243\" alt=\"Massages apaisants\" srcset=\"https:\/\/hair-and-beauty-studio.ch\/wp-content\/uploads\/2019\/09\/Specialized-Massage.jpg 400w, https:\/\/hair-and-beauty-studio.ch\/wp-content\/uploads\/2019\/09\/Specialized-Massage-267x300.jpg 267w, https:\/\/hair-and-beauty-studio.ch\/wp-content\/uploads\/2019\/09\/Specialized-Massage-200x225.jpg 200w\" sizes=\"(max-width: 400px) 100vw, 400px\" \/>\t\t\t\t\t\t\t\t\t\t\t\t\t\t\t<\/div>\n\t\t\t\t\t<\/div>\n\t\t<\/div>\n\t\t\t\t<div class=\"elementor-column elementor-col-50 elementor-top-column elementor-element elementor-element-4b8450a1\" data-id=\"4b8450a1\" data-element_type=\"column\" data-e-type=\"column\">\n\t\t\t<div class=\"elementor-widget-wrap elementor-element-populated\">\n\t\t\t\t\t\t<div class=\"elementor-element elementor-element-6bcc42e3 elementor-widget elementor-widget-uael-infobox\" data-id=\"6bcc42e3\" data-element_type=\"widget\" data-e-type=\"widget\" data-settings=\"{&quot;ekit_we_effect_on&quot;:&quot;none&quot;}\" data-widget_type=\"uael-infobox.default\">\n\t\t\t\t<div class=\"elementor-widget-container\">\n\t\t\t\t\t\n<div class=\"uael-module-content uael-infobox  uael-infobox-left  uael-infobox-link-type-none\">\n\t<div class=\"uael-infobox-left-right-wrap\">\n\t\t\t\t\t\t<div class=\"uael-infobox-content\">\n\t\t\t\t\t\t<div class='uael-infobox-title-wrap'><h2 class=\"uael-infobox-title elementor-inline-editing\" data-elementor-setting-key=\"infobox_title\" data-elementor-inline-editing-toolbar=\"basic\" >Massage de drainage lymphatique Lausanne- la force r\u00e9side dans le calme<\/h2><\/div>\t\t\t\t\t\t\t\t\t<div class=\"uael-infobox-text-wrap\">\n\t\t\t\t<div class=\"uael-infobox-text elementor-inline-editing\" data-elementor-setting-key=\"infobox_description\" data-elementor-inline-editing-toolbar=\"advanced\">\n\t\t\t\t\t<p>Nos th\u00e9rapeutes suisses sp\u00e9cialis\u00e9s dans les massages vous font l'effet d'une imposition des mains sur votre corps. Gr\u00e2ce \u00e0 des mouvements doux et fluides, nous \u00e9vacuons efficacement le liquide lymphatique accumul\u00e9 dans vos articulations fatigu\u00e9es. Il en r\u00e9sulte une merveilleuse sensation de d\u00e9tente. Cette application m\u00e9dicale est particuli\u00e8rement indiqu\u00e9e en cas de gonflements chroniques et de tensions permanentes. Comme les voies lymphatiques superficielles passent directement sous la peau, des mouvements rythmiques, circulaires et de balayage peuvent stimuler en douceur le flux lymphatique. L'exc\u00e8s de liquide peut s'\u00e9couler lentement lors du massage de drainage lymphatique, de sorte que les gonflements et les tensions douloureuses disparaissent peu \u00e0 peu. Vous aussi, vous souhaitez que votre corps retrouve sa forme initiale gr\u00e2ce \u00e0 notre massage de drainage lymphatique efficace ? Alors inscrivez-vous d\u00e8s aujourd'hui \u00e0 notre massage de drainage lymphatique \u00e0 Lausanne et soyez \u00e9tonn\u00e9 des r\u00e9sultats rapides du traitement ! Nous, de la Swiss Beauty &amp; Hair Academy, serions ravis de vous accueillir.        <\/p>\t\t\t\t<\/div>\n\t\t\t\t\t\n\t\t\t\t\t\t\t<\/div>\n\t\t<\/div>\n\t\t\t<\/div>\n<\/div>\n\t\t\t\t<\/div>\n\t\t\t\t<\/div>\n\t\t\t\t\t<\/div>\n\t\t<\/div>\n\t\t\t\t\t<\/div>\n\t\t<\/section>\n\t\t\t\t<section class=\"elementor-section elementor-top-section elementor-element elementor-element-3f4a243f elementor-section-stretched elementor-section-full_width elementor-section-content-middle elementor-reverse-mobile elementor-section-height-default elementor-section-height-default\" data-id=\"3f4a243f\" data-element_type=\"section\" data-e-type=\"section\" data-settings=\"{&quot;stretch_section&quot;:&quot;section-stretched&quot;,&quot;ekit_has_onepagescroll_dot&quot;:&quot;yes&quot;}\">\n\t\t\t\t\t\t<div class=\"elementor-container elementor-column-gap-default\">\n\t\t\t\t\t<div class=\"elementor-column elementor-col-50 elementor-top-column elementor-element elementor-element-3db973c6\" data-id=\"3db973c6\" data-element_type=\"column\" data-e-type=\"column\">\n\t\t\t<div class=\"elementor-widget-wrap elementor-element-populated\">\n\t\t\t\t\t\t<div class=\"elementor-element elementor-element-52a67ccb elementor-widget elementor-widget-uael-infobox\" data-id=\"52a67ccb\" data-element_type=\"widget\" data-e-type=\"widget\" data-settings=\"{&quot;ekit_we_effect_on&quot;:&quot;none&quot;}\" data-widget_type=\"uael-infobox.default\">\n\t\t\t\t<div class=\"elementor-widget-container\">\n\t\t\t\t\t\n<div class=\"uael-module-content uael-infobox  uael-infobox-left  uael-infobox-link-type-none\">\n\t<div class=\"uael-infobox-left-right-wrap\">\n\t\t\t\t\t\t<div class=\"uael-infobox-content\">\n\t\t\t\t\t\t<div class='uael-infobox-title-wrap'><h2 class=\"uael-infobox-title elementor-inline-editing\" data-elementor-setting-key=\"infobox_title\" data-elementor-inline-editing-toolbar=\"basic\" >Massage Shiatsu Lausanne- Lib\u00e9rez votre \u00e9nergie !<\/h2><\/div>\t\t\t\t\t\t\t\t\t<div class=\"uael-infobox-text-wrap\">\n\t\t\t\t<div class=\"uael-infobox-text elementor-inline-editing\" data-elementor-setting-key=\"infobox_description\" data-elementor-inline-editing-toolbar=\"advanced\">\n\t\t\t\t\t\nSi quelqu'un peut se dire expert en relaxation, c'est bien l'Extr\u00eame-Orient. Le meilleur exemple de ses extraordinaires vertus th\u00e9rapeutiques : le massage shiatsu. Le massage shiatsu est issu de la m\u00e9decine traditionnelle chinoise et se traduit par \"pression des doigts\". Et ce nom est tout \u00e0 fait appropri\u00e9 pour cette technique orientale. \u00c0 l'aide de pressions douces exerc\u00e9es avec les doigts, les paumes et les coudes, nous stimulons les flux d'\u00e9nergie de votre corps. Le massage shiatsu vous garantit ainsi une exp\u00e9rience \u00e9nerg\u00e9tique bienfaisante et curative, une exp\u00e9rience \u00e9nerg\u00e9tique qui revitalise l'esprit, le corps et l'\u00e2me.     \t\t\t\t<\/div>\n\t\t\t\t\t\n\t\t\t\t\t\t\t<\/div>\n\t\t<\/div>\n\t\t\t<\/div>\n<\/div>\n\t\t\t\t<\/div>\n\t\t\t\t<\/div>\n\t\t\t\t\t<\/div>\n\t\t<\/div>\n\t\t\t\t<div class=\"elementor-column elementor-col-50 elementor-top-column elementor-element elementor-element-3c562af8\" data-id=\"3c562af8\" data-element_type=\"column\" data-e-type=\"column\" data-settings=\"{&quot;background_background&quot;:&quot;classic&quot;}\">\n\t\t\t<div class=\"elementor-widget-wrap elementor-element-populated\">\n\t\t\t\t\t\t<div class=\"elementor-element elementor-element-19f5d8 elementor-widget elementor-widget-image\" data-id=\"19f5d8\" data-element_type=\"widget\" data-e-type=\"widget\" data-settings=\"{&quot;ekit_we_effect_on&quot;:&quot;none&quot;}\" data-widget_type=\"image.default\">\n\t\t\t\t\t\t\t\t\t\t\t\t\t\t\t<img decoding=\"async\" width=\"609\" height=\"375\" src=\"https:\/\/hair-and-beauty-studio.ch\/wp-content\/uploads\/2019\/09\/198227.jpg\" class=\"attachment-large size-large wp-image-16231\" alt=\"Traitements de cellulite\" srcset=\"https:\/\/hair-and-beauty-studio.ch\/wp-content\/uploads\/2019\/09\/198227.jpg 609w, https:\/\/hair-and-beauty-studio.ch\/wp-content\/uploads\/2019\/09\/198227-300x185.jpg 300w, https:\/\/hair-and-beauty-studio.ch\/wp-content\/uploads\/2019\/09\/198227-200x123.jpg 200w, https:\/\/hair-and-beauty-studio.ch\/wp-content\/uploads\/2019\/09\/198227-400x246.jpg 400w, https:\/\/hair-and-beauty-studio.ch\/wp-content\/uploads\/2019\/09\/198227-600x369.jpg 600w\" sizes=\"(max-width: 609px) 100vw, 609px\" \/>\t\t\t\t\t\t\t\t\t\t\t\t\t\t\t<\/div>\n\t\t\t\t\t<\/div>\n\t\t<\/div>\n\t\t\t\t\t<\/div>\n\t\t<\/section>\n\t\t\t\t<section class=\"elementor-section elementor-top-section elementor-element elementor-element-6e1a210f elementor-section-stretched elementor-section-full_width elementor-section-content-middle elementor-section-height-default elementor-section-height-default\" data-id=\"6e1a210f\" data-element_type=\"section\" data-e-type=\"section\" data-settings=\"{&quot;stretch_section&quot;:&quot;section-stretched&quot;,&quot;background_background&quot;:&quot;classic&quot;,&quot;ekit_has_onepagescroll_dot&quot;:&quot;yes&quot;}\">\n\t\t\t\t\t\t<div class=\"elementor-container elementor-column-gap-default\">\n\t\t\t\t\t<div class=\"elementor-column elementor-col-50 elementor-top-column elementor-element elementor-element-2603577c\" data-id=\"2603577c\" data-element_type=\"column\" data-e-type=\"column\" data-settings=\"{&quot;background_background&quot;:&quot;classic&quot;}\">\n\t\t\t<div class=\"elementor-widget-wrap elementor-element-populated\">\n\t\t\t\t\t\t<div class=\"elementor-element elementor-element-2a586c3a elementor-widget elementor-widget-image\" data-id=\"2a586c3a\" data-element_type=\"widget\" data-e-type=\"widget\" data-settings=\"{&quot;ekit_we_effect_on&quot;:&quot;none&quot;}\" data-widget_type=\"image.default\">\n\t\t\t\t\t\t\t\t\t\t\t\t\t\t\t<img decoding=\"async\" width=\"724\" height=\"483\" src=\"https:\/\/hair-and-beauty-studio.ch\/wp-content\/uploads\/2019\/09\/GettyImages-517753190.jpg\" class=\"attachment-large size-large wp-image-16237\" alt=\"Drainage Lymphatique,Studio d&#039;esth\u00e9tique \u00e0 Lausanne\" srcset=\"https:\/\/hair-and-beauty-studio.ch\/wp-content\/uploads\/2019\/09\/GettyImages-517753190.jpg 724w, https:\/\/hair-and-beauty-studio.ch\/wp-content\/uploads\/2019\/09\/GettyImages-517753190-300x200.jpg 300w, https:\/\/hair-and-beauty-studio.ch\/wp-content\/uploads\/2019\/09\/GettyImages-517753190-200x133.jpg 200w, https:\/\/hair-and-beauty-studio.ch\/wp-content\/uploads\/2019\/09\/GettyImages-517753190-400x267.jpg 400w, https:\/\/hair-and-beauty-studio.ch\/wp-content\/uploads\/2019\/09\/GettyImages-517753190-600x400.jpg 600w\" sizes=\"(max-width: 724px) 100vw, 724px\" \/>\t\t\t\t\t\t\t\t\t\t\t\t\t\t\t<\/div>\n\t\t\t\t\t<\/div>\n\t\t<\/div>\n\t\t\t\t<div class=\"elementor-column elementor-col-50 elementor-top-column elementor-element elementor-element-1745fc08\" data-id=\"1745fc08\" data-element_type=\"column\" data-e-type=\"column\">\n\t\t\t<div class=\"elementor-widget-wrap elementor-element-populated\">\n\t\t\t\t\t\t<div class=\"elementor-element elementor-element-5096f4e2 elementor-widget elementor-widget-uael-infobox\" data-id=\"5096f4e2\" data-element_type=\"widget\" data-e-type=\"widget\" data-settings=\"{&quot;ekit_we_effect_on&quot;:&quot;none&quot;}\" data-widget_type=\"uael-infobox.default\">\n\t\t\t\t<div class=\"elementor-widget-container\">\n\t\t\t\t\t\n<div class=\"uael-module-content uael-infobox  uael-infobox-left  uael-infobox-link-type-none\">\n\t<div class=\"uael-infobox-left-right-wrap\">\n\t\t\t\t\t\t<div class=\"uael-infobox-content\">\n\t\t\t\t\t\t<div class='uael-infobox-title-wrap'><h2 class=\"uael-infobox-title elementor-inline-editing\" data-elementor-setting-key=\"infobox_title\" data-elementor-inline-editing-toolbar=\"basic\" >Massage shiatsu Lausanne et massage drainant lymphatique Lausanne- un concept global<\/h2><\/div>\t\t\t\t\t\t\t\t\t<div class=\"uael-infobox-text-wrap\">\n\t\t\t\t<div class=\"uael-infobox-text elementor-inline-editing\" data-elementor-setting-key=\"infobox_description\" data-elementor-inline-editing-toolbar=\"advanced\">\n\t\t\t\t\tLe corps et l'esprit n'existent pas pour eux-m\u00eames. Ils forment une unit\u00e9. C'est pourquoi notre massage de drainage lymphatique et notre massage shiatsu ne traitent pas seulement votre corps tendu, mais aussi votre esprit tendu. Avec beaucoup d'empathie, de compr\u00e9hension du corps et d'expertise, nous r\u00e9concilions votre vie int\u00e9rieure et ext\u00e9rieure. Car nous ne pouvons fonctionner que dans un ensemble. Profitez vous aussi de notre concept global avec notre massage de drainage lymphatique et notre massage shiatsu ! Votre corps vous en remerciera.      \t\t\t\t<\/div>\n\t\t\t\t\t\n\t\t\t\t\t\t\t<\/div>\n\t\t<\/div>\n\t\t\t<\/div>\n<\/div>\n\t\t\t\t<\/div>\n\t\t\t\t<\/div>\n\t\t\t\t\t<\/div>\n\t\t<\/div>\n\t\t\t\t\t<\/div>\n\t\t<\/section>\n\t\t\t\t<section class=\"elementor-section elementor-top-section elementor-element elementor-element-68d67f2 elementor-section-content-middle elementor-section-boxed elementor-section-height-default elementor-section-height-default\" data-id=\"68d67f2\" data-element_type=\"section\" data-e-type=\"section\" data-settings=\"{&quot;background_background&quot;:&quot;classic&quot;,&quot;ekit_has_onepagescroll_dot&quot;:&quot;yes&quot;}\">\n\t\t\t\t\t\t<div class=\"elementor-container elementor-column-gap-default\">\n\t\t\t\t\t<div class=\"elementor-column elementor-col-100 elementor-top-column elementor-element elementor-element-75f6153\" data-id=\"75f6153\" data-element_type=\"column\" data-e-type=\"column\">\n\t\t\t<div class=\"elementor-widget-wrap elementor-element-populated\">\n\t\t\t\t\t\t<div class=\"elementor-element elementor-element-2bf2b26 elementor-widget elementor-widget-heading\" data-id=\"2bf2b26\" data-element_type=\"widget\" data-e-type=\"widget\" data-settings=\"{&quot;ekit_we_effect_on&quot;:&quot;none&quot;}\" data-widget_type=\"heading.default\">\n\t\t\t\t\t<h3 class=\"elementor-heading-title elementor-size-default\">En savoir plus sur nous<\/h3>\t\t\t\t<\/div>\n\t\t\t\t<div class=\"elementor-element elementor-element-7f1ed64 elementor-widget elementor-widget-text-editor\" data-id=\"7f1ed64\" data-element_type=\"widget\" data-e-type=\"widget\" data-settings=\"{&quot;ekit_we_effect_on&quot;:&quot;none&quot;}\" data-widget_type=\"text-editor.default\">\n\t\t\t\t\t\t\t\t\t<p>En savoir plus sur notre \u00e9cole et tous nos cours<\/p>\n\t\t\t\t\t\t\t\t<\/div>\n\t\t\t\t<section class=\"elementor-section elementor-inner-section elementor-element elementor-element-ad7bcdf elementor-section-boxed elementor-section-height-default elementor-section-height-default\" data-id=\"ad7bcdf\" data-element_type=\"section\" data-e-type=\"section\" data-settings=\"{&quot;ekit_has_onepagescroll_dot&quot;:&quot;yes&quot;}\">\n\t\t\t\t\t\t<div class=\"elementor-container elementor-column-gap-default\">\n\t\t\t\t\t<div class=\"elementor-column elementor-col-100 elementor-inner-column elementor-element elementor-element-226c02e\" data-id=\"226c02e\" data-element_type=\"column\" data-e-type=\"column\">\n\t\t\t<div class=\"elementor-widget-wrap elementor-element-populated\">\n\t\t\t\t\t\t<div class=\"elementor-element elementor-element-560a856 elementor-align-center elementor-mobile-align-justify elementor-widget elementor-widget-button\" data-id=\"560a856\" data-element_type=\"widget\" data-e-type=\"widget\" data-settings=\"{&quot;ekit_we_effect_on&quot;:&quot;none&quot;}\" data-widget_type=\"button.default\">\n\t\t\t\t\t\t\t\t\t\t<a class=\"elementor-button elementor-button-link elementor-size-sm\" href=\"https:\/\/swiss-beauty-and-hair-academy.ch\/fr\/a-propos-de-nous\/contactez\/\">\n\t\t\t\t\t\t<span class=\"elementor-button-content-wrapper\">\n\t\t\t\t\t\t\t\t\t<span class=\"elementor-button-text\">Formulaire de contact<\/span>\n\t\t\t\t\t<\/span>\n\t\t\t\t\t<\/a>\n\t\t\t\t\t\t\t\t<\/div>\n\t\t\t\t\t<\/div>\n\t\t<\/div>\n\t\t\t\t\t<\/div>\n\t\t<\/section>\n\t\t\t\t\t<\/div>\n\t\t<\/div>\n\t\t\t\t\t<\/div>\n\t\t<\/section>\n\t\t\t\t<\/div>\n\t\t","protected":false},"excerpt":{"rendered":"<p>Drainage lymphatique &#8211; Massage shiatsu Formulaire de contact Shiatsu Lausanne: drainage lymphatique &#8211; massage shiatsu Shiatsu Lausanne- Le tumulte de la vie quotidienne ne laisse pas notre corps indiff\u00e9rent. Souvent, le stress permanent se venge par des tensions douloureuses et des gonflements chroniques. La r\u00e9gion des \u00e9paules, du cou et de la nuque est particuli\u00e8rement [&hellip;]<\/p>\n","protected":false},"author":1,"featured_media":0,"parent":16508,"menu_order":0,"comment_status":"closed","ping_status":"closed","template":"","meta":{"_seopress_robots_primary_cat":"","_seopress_titles_title":"Massage shiatsu Zurich : devenez un mod\u00e8le \u00e0 moindre co\u00fbt","_seopress_titles_desc":"Massage shiatsu Zurich : Offrez-vous un massage de drainage lymphatique ou un massage shiatsu et prenez rendez-vous avec notre shiatsu Zurich.","_seopress_robots_index":"","_lmt_disableupdate":"","_lmt_disable":"","site-sidebar-layout":"default","site-content-layout":"page-builder","ast-site-content-layout":"default","site-content-style":"default","site-sidebar-style":"default","ast-global-header-display":"","ast-banner-title-visibility":"","ast-main-header-display":"","ast-hfb-above-header-display":"","ast-hfb-below-header-display":"","ast-hfb-mobile-header-display":"","site-post-title":"disabled","ast-breadcrumbs-content":"","ast-featured-img":"disabled","footer-sml-layout":"","ast-disable-related-posts":"","theme-transparent-header-meta":"default","adv-header-id-meta":"","stick-header-meta":"","header-above-stick-meta":"","header-main-stick-meta":"","header-below-stick-meta":"","astra-migrate-meta-layouts":"default","ast-page-background-enabled":"default","ast-page-background-meta":{"desktop":{"background-color":"","background-image":"","background-repeat":"repeat","background-position":"center center","background-size":"auto","background-attachment":"scroll","background-type":"","background-media":"","overlay-type":"","overlay-color":"","overlay-opacity":"","overlay-gradient":""},"tablet":{"background-color":"","background-image":"","background-repeat":"repeat","background-position":"center center","background-size":"auto","background-attachment":"scroll","background-type":"","background-media":"","overlay-type":"","overlay-color":"","overlay-opacity":"","overlay-gradient":""},"mobile":{"background-color":"","background-image":"","background-repeat":"repeat","background-position":"center center","background-size":"auto","background-attachment":"scroll","background-type":"","background-media":"","overlay-type":"","overlay-color":"","overlay-opacity":"","overlay-gradient":""}},"ast-content-background-meta":{"desktop":{"background-color":"var(--ast-global-color-5)","background-image":"","background-repeat":"repeat","background-position":"center center","background-size":"auto","background-attachment":"scroll","background-type":"","background-media":"","overlay-type":"","overlay-color":"","overlay-opacity":"","overlay-gradient":""},"tablet":{"background-color":"var(--ast-global-color-5)","background-image":"","background-repeat":"repeat","background-position":"center center","background-size":"auto","background-attachment":"scroll","background-type":"","background-media":"","overlay-type":"","overlay-color":"","overlay-opacity":"","overlay-gradient":""},"mobile":{"background-color":"var(--ast-global-color-5)","background-image":"","background-repeat":"repeat","background-position":"center center","background-size":"auto","background-attachment":"scroll","background-type":"","background-media":"","overlay-type":"","overlay-color":"","overlay-opacity":"","overlay-gradient":""}},"footnotes":""},"class_list":["post-16615","page","type-page","status-publish","hentry"],"_links":{"self":[{"href":"https:\/\/hair-and-beauty-studio.ch\/fr\/wp-json\/wp\/v2\/pages\/16615","targetHints":{"allow":["GET"]}}],"collection":[{"href":"https:\/\/hair-and-beauty-studio.ch\/fr\/wp-json\/wp\/v2\/pages"}],"about":[{"href":"https:\/\/hair-and-beauty-studio.ch\/fr\/wp-json\/wp\/v2\/types\/page"}],"author":[{"embeddable":true,"href":"https:\/\/hair-and-beauty-studio.ch\/fr\/wp-json\/wp\/v2\/users\/1"}],"replies":[{"embeddable":true,"href":"https:\/\/hair-and-beauty-studio.ch\/fr\/wp-json\/wp\/v2\/comments?post=16615"}],"version-history":[{"count":0,"href":"https:\/\/hair-and-beauty-studio.ch\/fr\/wp-json\/wp\/v2\/pages\/16615\/revisions"}],"up":[{"embeddable":true,"href":"https:\/\/hair-and-beauty-studio.ch\/fr\/wp-json\/wp\/v2\/pages\/16508"}],"wp:attachment":[{"href":"https:\/\/hair-and-beauty-studio.ch\/fr\/wp-json\/wp\/v2\/media?parent=16615"}],"curies":[{"name":"wp","href":"https:\/\/api.w.org\/{rel}","templated":true}]}}