{"id":16555,"date":"2013-04-04T13:08:05","date_gmt":"2013-04-04T12:08:05","guid":{"rendered":"https:\/\/hair-and-beauty-studio.ch\/nagelstudio-zuerich\/"},"modified":"2022-04-12T09:57:31","modified_gmt":"2022-04-12T08:57:31","slug":"onglerie-lausanne","status":"publish","type":"page","link":"https:\/\/hair-and-beauty-studio.ch\/fr\/onglerie-lausanne\/","title":{"rendered":"Onglerie Lausanne"},"content":{"rendered":"<div id=\"reading-box-container-1\" class=\"reading-box-container clearfix\">\n<section class=\"reading-box tagline-shadow\" style=\"border-style: solid; border-color: #03a9f4 #e8e6e6 #e8e6e6 ! important; background-color: #ffffff ! important; border-width: 3px ! important 1px 1px 1px;\">\n<h2><strong>Onglerie Lausanne &#8211; Nail Studio \u00e0 Lausanne- Studio de Manucure &#8211; Studio de Manucure \u00e9conomique &#8211; Faites-vous faire les ongles maintenant !<\/strong><\/h2>\n<p><em>Studio de manucure \u00e9conomique \u00e0 Lausanne : faites des manucures !<\/em> Les v\u00eatements et le maquillage ne font pas une belle personne. M\u00eame les petites choses, celles qui n&rsquo;attirent pas imm\u00e9diatement l&rsquo;attention, sont ce qui rend une personne belle. Bien entendu, cela inclut \u00e9galement des ongles bien soign\u00e9s. Parce que beaucoup de gens ne remarquent m\u00eame pas la fr\u00e9quence de leur apparition dans la vie quotidienne. \u00c0 chaque salutation et \u00e0 chaque geste, nous montrons nos mains &#8211; une raison suffisante pour d\u00e9cider d&rsquo;un traitement professionnel dans notre studio d&rsquo;ongles \u00e0 Lausanne. Nous nous r\u00e9jouissons de vous accueillir bient\u00f4t dans notre nail studio onglerie Lausanne \u00e0 des prix avantageux.<\/p>\n<\/section>\n<\/div>\n<p>&nbsp;<\/p>\n<h2><strong>Onglerie Lausanne &#8211; Exclusive nail studio \u00e0 Lausanne, votre interlocuteur pour les ongles pr\u00eats \u00e0 \u00eatre film\u00e9s\u00a0<\/strong><\/h2>\n<p>Onglerie Lausanne &#8211; Sur les banni\u00e8res publicitaires, dans les magazines de mode ou sur l&rsquo;\u00e9cran de cin\u00e9ma &#8211; nous voyons tous les jours des ongles parfaitement manucur\u00e9s. Mais ce qui semble si simple est difficile \u00e0 imiter. Les d\u00e9colorations, fissures et d\u00e9formations inesth\u00e9tiques transforment rapidement une manucure en un v\u00e9ritable d\u00e9fi. Le r\u00e9sultat ne correspond-il pas non plus \u00e0 votre id\u00e9al personnel de beaut\u00e9 ? Alors, contactez d\u00e8s aujourd&rsquo;hui notre Studio Nagel \u00e0 Lausanne, qui est tr\u00e8s exp\u00e9riment\u00e9 ! En cas de modifications g\u00e9n\u00e9tiques et hormonales de l&rsquo;ongle naturel, vous pouvez compter sur les sp\u00e9cialistes qualifi\u00e9s de notre studio de manucure. Nous r\u00e9parons et embellissons vos ongles avec des produits connus, une longue exp\u00e9rience, une formation continue et un grand souci du d\u00e9tail. Vous ne devez pas manquer ce luxe !<\/p>\n<p>&nbsp;<\/p>\n<h2><strong>Un studio de manucure \u00e9conomique \u00e0 Lausanne &#8211; l&rsquo;extravagance est notre sp\u00e9cialit\u00e9<\/strong><\/h2>\n<p>Vos ongles doivent \u00eatre de la m\u00eame couleur que votre robe pr\u00e9f\u00e9r\u00e9e ? Vous voulez un peu plus de glamour ? Ou alors, que diriez-vous d&rsquo;un accessoire efficace pour votre simple look de jour ? Les souhaits particuliers ne sont pas un fardeau pour notre studio de manucure, mais un d\u00e9fi bienvenu. Notre Nagel Studio peu co\u00fbteux ne r\u00e9alise pas seulement vos id\u00e9es pour vous, mais cr\u00e9e \u00e9galement des propositions de design lui-m\u00eame. Faites-nous simplement savoir le style que vous souhaitez et notre studio Nagel d\u00e9veloppera un concept imaginatif. Parce que m\u00eame un design de clous impressionnant doit \u00eatre bien planifi\u00e9. <a href=\"https:\/\/swiss-beauty-academy.ch\/fr\/\">Swiss Beauty Academy<\/a> se r\u00e9jouit de vous accueillir dans son studio.<\/p>\n<p>&nbsp;<\/p>\n<h2><strong>Nail Studio &#8211; Devenez mod\u00e8le d\u00e8s maintenant, faites des ongles et obtenez des prix int\u00e9ressants pour les studios d&rsquo;ongles<\/strong><\/h2>\n<p>Un studio de manucure \u00e9conomique \u00e0 Lausanne ne va certainement pas de soi. Apr\u00e8s tout, les prix \u00e9lev\u00e9s du Nagel Studio sont r\u00e9partis dans toute la Suisse &#8211; \u00e0 l&rsquo;exception de notre Nagel Studio \u00e0 Lausanne. Les prix de notre studio de manucure sont hors normes. Ici, vous pouvez vous attendre \u00e0 des prix bas pour les soins des ongles et l&rsquo;esth\u00e9tique. En outre, notre Nagel Studio, situ\u00e9 au centre de la ville, vous permet de r\u00e9aliser des \u00e9conomies suppl\u00e9mentaires. Pourriez-vous imaginer de vous rendre disponible comme mod\u00e8le pour nos stagiaires ? Votre engagement nous vaut de g\u00e9n\u00e9reuses r\u00e9ductions. N&rsquo;h\u00e9sitez pas et investissez dans votre beaut\u00e9 d\u00e8s aujourd&rsquo;hui ! Ces prix Nagel Studio sont bons pour le corps, l&rsquo;\u00e2me et votre portefeuille.<\/p>\n<p>&nbsp;<\/p>\n<h2 style=\"text-align: center;\"><span style=\"color: #03a9f4;\"><strong>R\u00e9servez maintenant et assurez-vous une place!<\/strong><\/span><\/h2>\n<p>&nbsp;<\/p>\n<p>&nbsp;<\/p>\n<h2 style=\"text-align: center;\"><strong>R\u00e9servez maintenant<\/strong><\/h2>\n<p><span style=\"color: #000000;\">R\u00e9servez une place d\u00e8s maintenant ! Pourquoi imm\u00e9diatement? D&rsquo;une part, l&rsquo;espace est limit\u00e9, d&rsquo;autre part, nos services \u00e0 prix tr\u00e8s r\u00e9duits sont tr\u00e8s demand\u00e9s.<\/span><\/p>\n<p>&nbsp;<\/p>\n<h3><strong>Profitez de 50% de r\u00e9duction dans notre Beauty Studio \u00e0 Lausanne<\/strong><\/h3>\n<p>Nous vous offrons une <strong>r\u00e9duction de 50 %<\/strong> sur les services normaux dans notre Institut de beaut\u00e9 \u00e0 Lausanne si vous vous mettez \u00e0 disposition comme mod\u00e8le dans notre Acad\u00e9mie de beaut\u00e9. Le service est fourni par une personne en formation sous la supervision d&rsquo;un instructeur sp\u00e9cialis\u00e9. \u00c9tant donn\u00e9 que nos services \u00e0 prix tr\u00e8s r\u00e9duits au salon de beaut\u00e9 sont tr\u00e8s demand\u00e9s et que nos capacit\u00e9s sont limit\u00e9es, nous vous recommandons de prendre rendez-vous rapidement en cliquant sur le bouton <a href=\"https:\/\/outlook.office365.com\/owa\/calendar\/HairBeautyStudioLausanne@hairandbeautystudio.ch\/bookings\/\">\u00ab\u00a0R\u00e9server maintenant<\/a>\u00a0\u00bb ci-dessus<\/p>\n<p>&nbsp;<\/p>\n<p><em><strong><a href=\"https:\/\/outlook.office365.com\/owa\/calendar\/HairBeautyStudioLausanne@hairandbeautystudio.ch\/bookings\/\">R\u00e9servez maintenant et \u00e9conomisez beaucoup d&rsquo;argent<\/a><\/strong> pour b\u00e9n\u00e9ficier imm\u00e9diatement de nos prix extr\u00eamement bas dans le studio de onglerie!<\/em><\/p>\n<p>&nbsp;<\/p>\n<h3><strong>Autres services :<\/strong><\/h3>\n<p><a href=\"https:\/\/hair-and-beauty-studio.ch\/fr\/onglerie-lausanne\/manucure-et-pedicure\/\">Manucure et P\u00e9dicure<\/a><\/p>\n<p class=\"more-space\"><a href=\"https:\/\/hair-and-beauty-studio.ch\/fr\/onglerie-lausanne\/ongles-en-gel\/\">Design des Ongles<\/a><\/p>\n<p><a href=\"https:\/\/hair-and-beauty-studio.ch\/fr\/onglerie-lausanne\/nail-art-a-lausanne\/\">Nails Art<\/a><\/p>\n","protected":false},"excerpt":{"rendered":"<p>Onglerie Lausanne &#8211; Nail Studio \u00e0 Lausanne- Studio de Manucure &#8211; Studio de Manucure \u00e9conomique &#8211; Faites-vous faire les ongles maintenant ! Studio de manucure \u00e9conomique \u00e0 Lausanne : faites des manucures ! Les v\u00eatements et le maquillage ne font pas une belle personne. M\u00eame les petites choses, celles qui n&rsquo;attirent pas imm\u00e9diatement l&rsquo;attention, sont [&hellip;]<\/p>\n","protected":false},"author":1,"featured_media":0,"parent":0,"menu_order":0,"comment_status":"open","ping_status":"open","template":"","meta":{"_seopress_robots_primary_cat":"","_seopress_titles_title":"Onglerie Lausanne: Votre oportunit\u00e9 d&#039;avoir bes belles ongles","_seopress_titles_desc":"Onglerie Lausanne \u2705 Nail \/ Manucure Studio \u2705 Studio de Manucure \u00e9conomique \u2705 Faire les ongles sur onglerie Lausanne \u2705 R\u00e9servez maintenant n&#039;attendez plus \u2794","_seopress_robots_index":"","_lmt_disableupdate":"","_lmt_disable":"","site-sidebar-layout":"default","site-content-layout":"default","ast-site-content-layout":"default","site-content-style":"default","site-sidebar-style":"default","ast-global-header-display":"","ast-banner-title-visibility":"","ast-main-header-display":"","ast-hfb-above-header-display":"","ast-hfb-below-header-display":"","ast-hfb-mobile-header-display":"","site-post-title":"","ast-breadcrumbs-content":"","ast-featured-img":"","footer-sml-layout":"","ast-disable-related-posts":"","theme-transparent-header-meta":"default","adv-header-id-meta":"","stick-header-meta":"","header-above-stick-meta":"","header-main-stick-meta":"","header-below-stick-meta":"","astra-migrate-meta-layouts":"default","ast-page-background-enabled":"default","ast-page-background-meta":{"desktop":{"background-color":"","background-image":"","background-repeat":"repeat","background-position":"center center","background-size":"auto","background-attachment":"scroll","background-type":"","background-media":"","overlay-type":"","overlay-color":"","overlay-opacity":"","overlay-gradient":""},"tablet":{"background-color":"","background-image":"","background-repeat":"repeat","background-position":"center center","background-size":"auto","background-attachment":"scroll","background-type":"","background-media":"","overlay-type":"","overlay-color":"","overlay-opacity":"","overlay-gradient":""},"mobile":{"background-color":"","background-image":"","background-repeat":"repeat","background-position":"center center","background-size":"auto","background-attachment":"scroll","background-type":"","background-media":"","overlay-type":"","overlay-color":"","overlay-opacity":"","overlay-gradient":""}},"ast-content-background-meta":{"desktop":{"background-color":"var(--ast-global-color-5)","background-image":"","background-repeat":"repeat","background-position":"center center","background-size":"auto","background-attachment":"scroll","background-type":"","background-media":"","overlay-type":"","overlay-color":"","overlay-opacity":"","overlay-gradient":""},"tablet":{"background-color":"var(--ast-global-color-5)","background-image":"","background-repeat":"repeat","background-position":"center center","background-size":"auto","background-attachment":"scroll","background-type":"","background-media":"","overlay-type":"","overlay-color":"","overlay-opacity":"","overlay-gradient":""},"mobile":{"background-color":"var(--ast-global-color-5)","background-image":"","background-repeat":"repeat","background-position":"center center","background-size":"auto","background-attachment":"scroll","background-type":"","background-media":"","overlay-type":"","overlay-color":"","overlay-opacity":"","overlay-gradient":""}},"footnotes":""},"class_list":["post-16555","page","type-page","status-publish","hentry"],"_links":{"self":[{"href":"https:\/\/hair-and-beauty-studio.ch\/fr\/wp-json\/wp\/v2\/pages\/16555","targetHints":{"allow":["GET"]}}],"collection":[{"href":"https:\/\/hair-and-beauty-studio.ch\/fr\/wp-json\/wp\/v2\/pages"}],"about":[{"href":"https:\/\/hair-and-beauty-studio.ch\/fr\/wp-json\/wp\/v2\/types\/page"}],"author":[{"embeddable":true,"href":"https:\/\/hair-and-beauty-studio.ch\/fr\/wp-json\/wp\/v2\/users\/1"}],"replies":[{"embeddable":true,"href":"https:\/\/hair-and-beauty-studio.ch\/fr\/wp-json\/wp\/v2\/comments?post=16555"}],"version-history":[{"count":0,"href":"https:\/\/hair-and-beauty-studio.ch\/fr\/wp-json\/wp\/v2\/pages\/16555\/revisions"}],"wp:attachment":[{"href":"https:\/\/hair-and-beauty-studio.ch\/fr\/wp-json\/wp\/v2\/media?parent=16555"}],"curies":[{"name":"wp","href":"https:\/\/api.w.org\/{rel}","templated":true}]}}